{"id":292,"date":"2015-08-18T20:01:28","date_gmt":"2015-08-18T19:01:28","guid":{"rendered":"http:\/\/orianepons.com\/?page_id=292"},"modified":"2019-08-15T20:22:07","modified_gmt":"2019-08-15T19:22:07","slug":"test","status":"publish","type":"page","link":"https:\/\/orianepons.com\/?page_id=292","title":{"rendered":"Biographie"},"content":{"rendered":"<h1 style=\"text-align: left;\">Oriane PONS, Soprano<\/h1>\r\n<p style=\"text-align: left;\"><a href=\"http:\/\/orianepons.com\/wp-content\/uploads\/2015\/08\/2015-05-bio-oriane.pdf\">T\u00e9l\u00e9chargez la version PDF<\/a><\/p>\r\n<p style=\"text-align: left;\">N\u00e9e en 1986 \u00e0 Nice, Oriane \u00e9tudie tout d'abord le piano. C'est \u00e0 l'Acad\u00e9mie de Musique de Monaco qu\u2019elle obtient un <strong>Premier Prix de Chant en 2008<\/strong> et qu'elle participe \u00e0 de nombreuses Masterclasses avec <em>Gabriel Bacquier<\/em> notamment.<\/p>\r\n<p style=\"text-align: left;\">En 2009 et 2010, apr\u00e8s avoir obtenu deux Prix au Concours International d'Op\u00e9rette de Marseille, elle interpr\u00e8te le r\u00f4le de <strong>Mallika<\/strong> dans <em>Lakm\u00e9<\/em> de <em>L.Delibes<\/em> puis le r\u00f4le de <strong>Mica\u00ebla<\/strong> dans <em>Carmen<\/em> de <em>G.Bizet<\/em> au Th\u00e9\u00e2tre des Vari\u00e9t\u00e9s de Monaco. Les <em>Amis de l'Op\u00e9ra de Monaco<\/em> lui accordent une bourse d\u2019\u00e9tudes, et elle se retrouve invit\u00e9e \u00e0 chanter pour le Prince Rainier de Monaco.<\/p>\r\n<p style=\"text-align: left;\">Pour les saisons 2011 \u00e0 2013, Oriane est artiste r\u00e9sidente du <em>Studio Suisse d'Op\u00e9ra<\/em>. Elle se produit au Casino de Berne avec orchestre sous la baguette de <em>Sir Thomas-Green<\/em> puis elle incarne <strong>Agathe<\/strong> du <em>Freisch\u00fctz<\/em> de <em>Weber<\/em> dans une version Graffiti pour Jeune Public au Th\u00e9\u00e2tre de Bienne-Soleure. Elle interpr\u00e8te en 2012 le r\u00f4le de <strong>Pauline<\/strong> dans <em>La Vie Parisienne<\/em> de <em>J.Offenbach<\/em> au Th\u00e9atre de l'Od\u00e9on de Marseille.\r\nEgalement passionn\u00e9e de Musique Sacr\u00e9e, elle chante la partie de soprano solo du <em>Stabat Mater<\/em> de <em>A.Dvorak<\/em> et de la <em>Messe du Couronnement<\/em> de <em>W.A Mozart<\/em> lors du Festival International de Musique Sacr\u00e9e d\u2019Antibes, le solo du Requiem de Brahms en Suisse.<\/p>\r\n<p style=\"text-align: left;\">En 2013, elle cr\u00e9e une version du <em>Stabat Mater<\/em> de <em>G.Pergolesi<\/em> avec accord\u00e9on et mise en sc\u00e8ne qui sera donn\u00e9 plusieurs fois en Suisse et en France. Elle incarne <strong>Paoluccia<\/strong> dans <em>La Cecchina<\/em> de <em>N.Piccini<\/em> et le <strong>r\u00f4le-titre<\/strong> dans <em>La Finta Giardiniera<\/em> de <em>W.A Mozart<\/em> au Th\u00e9\u00e2tre de Bienne\/Soleure en Suisse. Oriane termine avec succ\u00e8s le Studio suisse d\u2019op\u00e9ra, recompens\u00e9e avec les f\u00e9licitations par un <strong>Master Specialized Performance Oper<\/strong>.<\/p>\r\n<p style=\"text-align: left;\">En 2014\/15, elle chante sous la direction de Francois-Xavier Roth \u00e0 Berne et incarne <strong>Julia<\/strong>, premier r\u00f4le feminin, dans l'op\u00e9rette <em>Der Vetter aus Dingsda<\/em> de <em>E.K\u00fcnneke<\/em> ainsi que <strong>Pamina<\/strong> et <strong>Papagena<\/strong> dans deux versions de <em>La Fl\u00fbte Enchant\u00e9e<\/em> de <em>W.A Mozart<\/em> au Stadttheater de Berne. Elle se produit r\u00e9guli\u00e8rement en tant que soliste lors de messes.<\/p>\r\n<p style=\"text-align: left;\">En 2015, elle incarne <strong>Art\u00e9mis<\/strong> dans une cr\u00e9ation jeune public, <em>Ag\u00f4n<\/em>, de <em>C.Althaus<\/em> \u00e0 l\u2019Op\u00e9ra de Nice et <strong>Pamina<\/strong> \u00e0 l\u2019op\u00e9ra de Winterthur en Suisse.<\/p>\r\nDepuis la saison 2016-2017, Oriane fait partie de l\u2019ensemble fixe de solistes de l\u2019Op\u00e9ra\r\nde Berne en Suisse o\u00f9 elle interpr\u00e8te les r\u00f4les de Pamina dans la Fl\u00fbte enchant\u00e9e, \r\nSusanna dans Les noces de Figaro, Resi dans Die Reise nach Tripiti, The Governess dans Turn of the screw, Nedda dans Pagliacci, Fiordiligi et Despina dans Cosi fan tutte, Mimi dans la Boh\u00e8me, Emma dans Reigen, Micaela dans Carmen, Rosina dans Le Barbier de S\u00e9ville.\r\n<p style=\"text-align: left;\">Contact : via le formulaire sur ce site<a href=\"http:\/\/orianepons.com\/wp-content\/uploads\/2015\/08\/2015-05-bio-oriane.pdf\">\r\n<\/a>orianepons.com<\/p>","protected":false},"excerpt":{"rendered":"<p>Oriane PONS, Soprano T\u00e9l\u00e9chargez la version PDF N\u00e9e en 1986 \u00e0 Nice, Oriane \u00e9tudie tout d&rsquo;abord le piano. C&rsquo;est \u00e0 l&rsquo;Acad\u00e9mie de Musique de Monaco qu\u2019elle obtient un Premier Prix de Chant en 2008 et qu&rsquo;elle participe \u00e0 de nombreuses Masterclasses avec Gabriel Bacquier notamment. En 2009 et 2010, apr\u00e8s avoir obtenu deux Prix au Concours International d&rsquo;Op\u00e9rette de Marseille,&hellip; <\/p>\n<p><a class=\"more-link\" href=\"https:\/\/orianepons.com\/?page_id=292\">Continue reading <span class=\"meta-nav\">&rarr;<\/span><\/a><\/p>\n","protected":false},"author":1,"featured_media":0,"parent":0,"menu_order":2,"comment_status":"closed","ping_status":"open","template":"","meta":[],"_links":{"self":[{"href":"https:\/\/orianepons.com\/index.php?rest_route=\/wp\/v2\/pages\/292"}],"collection":[{"href":"https:\/\/orianepons.com\/index.php?rest_route=\/wp\/v2\/pages"}],"about":[{"href":"https:\/\/orianepons.com\/index.php?rest_route=\/wp\/v2\/types\/page"}],"author":[{"embeddable":true,"href":"https:\/\/orianepons.com\/index.php?rest_route=\/wp\/v2\/users\/1"}],"replies":[{"embeddable":true,"href":"https:\/\/orianepons.com\/index.php?rest_route=%2Fwp%2Fv2%2Fcomments&post=292"}],"version-history":[{"count":9,"href":"https:\/\/orianepons.com\/index.php?rest_route=\/wp\/v2\/pages\/292\/revisions"}],"predecessor-version":[{"id":924,"href":"https:\/\/orianepons.com\/index.php?rest_route=\/wp\/v2\/pages\/292\/revisions\/924"}],"wp:attachment":[{"href":"https:\/\/orianepons.com\/index.php?rest_route=%2Fwp%2Fv2%2Fmedia&parent=292"}],"curies":[{"name":"wp","href":"https:\/\/api.w.org\/{rel}","templated":true}]}}